{"id":168,"date":"2022-05-10T13:14:01","date_gmt":"2022-05-10T10:14:01","guid":{"rendered":"https:\/\/visitoulufi.test.cchosting.fi\/?page_id=168"},"modified":"2025-09-29T13:58:54","modified_gmt":"2025-09-29T10:58:54","slug":"accommodation","status":"publish","type":"page","link":"http:\/\/visitoulufi-2025-10-14_10_27_17.test.cchosting.fi\/en\/accommodation\/","title":{"rendered":"Good accommodation is the base for a holiday"},"content":{"rendered":"<p><\/p>\n\n\n\n<figure class=\"wp-block-pullquote\"><blockquote><p>Do you want to sleep a good night's sleep by the sea or right in the heart of Oulu city centre? Choose from a wide range of quality, affordable and natural accommodation options! From a good base, it's easy to leave for the day to live, experience or whatever your great holiday has in store. Whether it's a room, a cabin or even a tent, your toothbrush will tell you where your temporary fortress is.<\/p><\/blockquote><\/figure>","protected":false},"excerpt":{"rendered":"<p>Haluatko sin\u00e4 nukkua makoisat y\u00f6unet meren \u00e4\u00e4rell\u00e4 vai ihan Oulun keskustan ytimess\u00e4? Valitse majoitus lukuisista tasokkaista, edullisista ja luonnonl\u00e4heisist\u00e4 vaihtoehdoista! Hyv\u00e4st\u00e4 tukikohdasta on helppo l\u00e4hte\u00e4 p\u00e4iv\u00e4ksi el\u00e4ytym\u00e4\u00e4n, kokemaan tai mit\u00e4 ikin\u00e4 upea lomasi sis\u00e4lt\u00e4\u00e4k\u00e4\u00e4n. Oli se huone, m\u00f6kki tai vaikkapa teltta \u2013 hammasharjasi kertoo, miss\u00e4 v\u00e4liaikainen linnakkeesi sijaitsee. [&#8230;]<\/p>\n<p><a class=\"btn btn-secondary understrap-read-more-link\" href=\"http:\/\/visitoulufi-2025-10-14_10_27_17.test.cchosting.fi\/en\/accommodation\/\">Read More&#8230;<span class=\"screen-reader-text\"> from Hyv\u00e4 majoitus on loman tukikohta<\/span><\/a><\/p>","protected":false},"author":1,"featured_media":12298,"parent":0,"menu_order":0,"comment_status":"closed","ping_status":"closed","template":"","meta":{"_acf_changed":false,"content-type":"","footnotes":""},"coauthors":[160],"class_list":["post-168","page","type-page","status-publish","has-post-thumbnail","hentry"],"acf":[],"yoast_head":"<!-- This site is optimized with the Yoast SEO plugin v26.0 - https:\/\/yoast.com\/wordpress\/plugins\/seo\/ -->\n<title>Hyv\u00e4 majoitus on loman tukikohta - Visit Oulu<\/title>\n<meta name=\"robots\" content=\"index, follow, max-snippet:-1, max-image-preview:large, max-video-preview:-1\" \/>\n<link rel=\"canonical\" href=\"https:\/\/visitoulufi-2025-10-14_10_27_17.test.cchosting.fi\/en\/accommodation\/\" \/>\n<meta property=\"og:locale\" content=\"en_US\" \/>\n<meta property=\"og:type\" content=\"article\" \/>\n<meta property=\"og:title\" content=\"Hyv\u00e4 majoitus on loman tukikohta - Visit Oulu\" \/>\n<meta property=\"og:description\" content=\"Haluatko sin\u00e4 nukkua makoisat y\u00f6unet meren \u00e4\u00e4rell\u00e4 vai ihan Oulun keskustan ytimess\u00e4? Valitse majoitus lukuisista tasokkaista, edullisista ja luonnonl\u00e4heisist\u00e4 vaihtoehdoista! Hyv\u00e4st\u00e4 tukikohdasta on helppo l\u00e4hte\u00e4 p\u00e4iv\u00e4ksi el\u00e4ytym\u00e4\u00e4n, kokemaan tai mit\u00e4 ikin\u00e4 upea lomasi sis\u00e4lt\u00e4\u00e4k\u00e4\u00e4n. Oli se huone, m\u00f6kki tai vaikkapa teltta \u2013 hammasharjasi kertoo, miss\u00e4 v\u00e4liaikainen linnakkeesi sijaitsee. [...]Read More... from Hyv\u00e4 majoitus on loman tukikohta\" \/>\n<meta property=\"og:url\" content=\"https:\/\/visitoulufi-2025-10-14_10_27_17.test.cchosting.fi\/en\/accommodation\/\" \/>\n<meta property=\"og:site_name\" content=\"Visit Oulu\" \/>\n<meta property=\"article:modified_time\" content=\"2025-09-29T10:58:54+00:00\" \/>\n<meta property=\"og:image\" content=\"https:\/\/visitoulufi-2025-10-14_10_27_17.test.cchosting.fi\/wp-content\/uploads\/2022\/05\/DJI_01551-scaled.jpg\" \/>\n\t<meta property=\"og:image:width\" content=\"2560\" \/>\n\t<meta property=\"og:image:height\" content=\"1440\" \/>\n\t<meta property=\"og:image:type\" content=\"image\/jpeg\" \/>\n<meta name=\"twitter:card\" content=\"summary_large_image\" \/>\n<meta name=\"twitter:label1\" content=\"Est. reading time\" \/>\n\t<meta name=\"twitter:data1\" content=\"3 minutes\" \/>\n\t<meta name=\"twitter:label2\" content=\"Written by\" \/>\n\t<meta name=\"twitter:data2\" content=\"juha\" \/>\n<script type=\"application\/ld+json\" class=\"yoast-schema-graph\">{\"@context\":\"https:\/\/schema.org\",\"@graph\":[{\"@type\":\"WebPage\",\"@id\":\"https:\/\/visitoulufi-2025-10-14_10_27_17.test.cchosting.fi\/majoitus\/\",\"url\":\"https:\/\/visitoulufi-2025-10-14_10_27_17.test.cchosting.fi\/majoitus\/\",\"name\":\"Hyv\u00e4 majoitus on loman tukikohta - Visit Oulu\",\"isPartOf\":{\"@id\":\"https:\/\/visitoulufi-2025-10-14_10_27_17.test.cchosting.fi\/#website\"},\"primaryImageOfPage\":{\"@id\":\"https:\/\/visitoulufi-2025-10-14_10_27_17.test.cchosting.fi\/majoitus\/#primaryimage\"},\"image\":{\"@id\":\"https:\/\/visitoulufi-2025-10-14_10_27_17.test.cchosting.fi\/majoitus\/#primaryimage\"},\"thumbnailUrl\":\"https:\/\/visitoulufi-2025-10-14_10_27_17.test.cchosting.fi\/wp-content\/uploads\/2022\/05\/DJI_01551-scaled.jpg\",\"datePublished\":\"2022-05-10T10:14:01+00:00\",\"dateModified\":\"2025-09-29T10:58:54+00:00\",\"breadcrumb\":{\"@id\":\"https:\/\/visitoulufi-2025-10-14_10_27_17.test.cchosting.fi\/majoitus\/#breadcrumb\"},\"inLanguage\":\"en-US\",\"potentialAction\":[{\"@type\":\"ReadAction\",\"target\":[\"https:\/\/visitoulufi-2025-10-14_10_27_17.test.cchosting.fi\/majoitus\/\"]}]},{\"@type\":\"ImageObject\",\"inLanguage\":\"en-US\",\"@id\":\"https:\/\/visitoulufi-2025-10-14_10_27_17.test.cchosting.fi\/majoitus\/#primaryimage\",\"url\":\"https:\/\/visitoulufi-2025-10-14_10_27_17.test.cchosting.fi\/wp-content\/uploads\/2022\/05\/DJI_01551-scaled.jpg\",\"contentUrl\":\"https:\/\/visitoulufi-2025-10-14_10_27_17.test.cchosting.fi\/wp-content\/uploads\/2022\/05\/DJI_01551-scaled.jpg\",\"width\":2560,\"height\":1440},{\"@type\":\"BreadcrumbList\",\"@id\":\"https:\/\/visitoulufi-2025-10-14_10_27_17.test.cchosting.fi\/majoitus\/#breadcrumb\",\"itemListElement\":[{\"@type\":\"ListItem\",\"position\":1,\"name\":\"Etusivu\",\"item\":\"https:\/\/visitoulufi-2025-10-14_10_27_17.test.cchosting.fi\/\"},{\"@type\":\"ListItem\",\"position\":2,\"name\":\"Hyv\u00e4 majoitus on loman tukikohta\"}]},{\"@type\":\"WebSite\",\"@id\":\"https:\/\/visitoulufi-2025-10-14_10_27_17.test.cchosting.fi\/#website\",\"url\":\"https:\/\/visitoulufi-2025-10-14_10_27_17.test.cchosting.fi\/\",\"name\":\"Visit Oulu\",\"description\":\"\",\"potentialAction\":[{\"@type\":\"SearchAction\",\"target\":{\"@type\":\"EntryPoint\",\"urlTemplate\":\"https:\/\/visitoulufi-2025-10-14_10_27_17.test.cchosting.fi\/?s={search_term_string}\"},\"query-input\":{\"@type\":\"PropertyValueSpecification\",\"valueRequired\":true,\"valueName\":\"search_term_string\"}}],\"inLanguage\":\"en-US\"}]}<\/script>\n<!-- \/ Yoast SEO plugin. -->","yoast_head_json":{"title":"Good accommodation is the base for a holiday - Visit Oulu","robots":{"index":"index","follow":"follow","max-snippet":"max-snippet:-1","max-image-preview":"max-image-preview:large","max-video-preview":"max-video-preview:-1"},"canonical":"https:\/\/visitoulufi-2025-10-14_10_27_17.test.cchosting.fi\/en\/accommodation\/","og_locale":"en_US","og_type":"article","og_title":"Hyv\u00e4 majoitus on loman tukikohta - Visit Oulu","og_description":"Haluatko sin\u00e4 nukkua makoisat y\u00f6unet meren \u00e4\u00e4rell\u00e4 vai ihan Oulun keskustan ytimess\u00e4? Valitse majoitus lukuisista tasokkaista, edullisista ja luonnonl\u00e4heisist\u00e4 vaihtoehdoista! Hyv\u00e4st\u00e4 tukikohdasta on helppo l\u00e4hte\u00e4 p\u00e4iv\u00e4ksi el\u00e4ytym\u00e4\u00e4n, kokemaan tai mit\u00e4 ikin\u00e4 upea lomasi sis\u00e4lt\u00e4\u00e4k\u00e4\u00e4n. Oli se huone, m\u00f6kki tai vaikkapa teltta \u2013 hammasharjasi kertoo, miss\u00e4 v\u00e4liaikainen linnakkeesi sijaitsee. [...]Read More... from Hyv\u00e4 majoitus on loman tukikohta","og_url":"https:\/\/visitoulufi-2025-10-14_10_27_17.test.cchosting.fi\/en\/accommodation\/","og_site_name":"Visit Oulu","article_modified_time":"2025-09-29T10:58:54+00:00","og_image":[{"width":2560,"height":1440,"url":"https:\/\/visitoulufi-2025-10-14_10_27_17.test.cchosting.fi\/wp-content\/uploads\/2022\/05\/DJI_01551-scaled.jpg","type":"image\/jpeg"}],"twitter_card":"summary_large_image","twitter_misc":{"Est. reading time":"3 minutes","Written by":"juha"},"schema":{"@context":"https:\/\/schema.org","@graph":[{"@type":"WebPage","@id":"https:\/\/visitoulufi-2025-10-14_10_27_17.test.cchosting.fi\/majoitus\/","url":"https:\/\/visitoulufi-2025-10-14_10_27_17.test.cchosting.fi\/majoitus\/","name":"Good accommodation is the base for a holiday - Visit Oulu","isPartOf":{"@id":"https:\/\/visitoulufi-2025-10-14_10_27_17.test.cchosting.fi\/#website"},"primaryImageOfPage":{"@id":"https:\/\/visitoulufi-2025-10-14_10_27_17.test.cchosting.fi\/majoitus\/#primaryimage"},"image":{"@id":"https:\/\/visitoulufi-2025-10-14_10_27_17.test.cchosting.fi\/majoitus\/#primaryimage"},"thumbnailUrl":"https:\/\/visitoulufi-2025-10-14_10_27_17.test.cchosting.fi\/wp-content\/uploads\/2022\/05\/DJI_01551-scaled.jpg","datePublished":"2022-05-10T10:14:01+00:00","dateModified":"2025-09-29T10:58:54+00:00","breadcrumb":{"@id":"https:\/\/visitoulufi-2025-10-14_10_27_17.test.cchosting.fi\/majoitus\/#breadcrumb"},"inLanguage":"en-US","potentialAction":[{"@type":"ReadAction","target":["https:\/\/visitoulufi-2025-10-14_10_27_17.test.cchosting.fi\/majoitus\/"]}]},{"@type":"ImageObject","inLanguage":"en-US","@id":"https:\/\/visitoulufi-2025-10-14_10_27_17.test.cchosting.fi\/majoitus\/#primaryimage","url":"https:\/\/visitoulufi-2025-10-14_10_27_17.test.cchosting.fi\/wp-content\/uploads\/2022\/05\/DJI_01551-scaled.jpg","contentUrl":"https:\/\/visitoulufi-2025-10-14_10_27_17.test.cchosting.fi\/wp-content\/uploads\/2022\/05\/DJI_01551-scaled.jpg","width":2560,"height":1440},{"@type":"BreadcrumbList","@id":"https:\/\/visitoulufi-2025-10-14_10_27_17.test.cchosting.fi\/majoitus\/#breadcrumb","itemListElement":[{"@type":"ListItem","position":1,"name":"Etusivu","item":"https:\/\/visitoulufi-2025-10-14_10_27_17.test.cchosting.fi\/"},{"@type":"ListItem","position":2,"name":"Hyv\u00e4 majoitus on loman tukikohta"}]},{"@type":"WebSite","@id":"https:\/\/visitoulufi-2025-10-14_10_27_17.test.cchosting.fi\/#website","url":"https:\/\/visitoulufi-2025-10-14_10_27_17.test.cchosting.fi\/","name":"Visit Oulu","description":"","potentialAction":[{"@type":"SearchAction","target":{"@type":"EntryPoint","urlTemplate":"https:\/\/visitoulufi-2025-10-14_10_27_17.test.cchosting.fi\/?s={search_term_string}"},"query-input":{"@type":"PropertyValueSpecification","valueRequired":true,"valueName":"search_term_string"}}],"inLanguage":"en-US"}]}},"_links":{"self":[{"href":"http:\/\/visitoulufi-2025-10-14_10_27_17.test.cchosting.fi\/en\/wp-json\/wp\/v2\/pages\/168","targetHints":{"allow":["GET"]}}],"collection":[{"href":"http:\/\/visitoulufi-2025-10-14_10_27_17.test.cchosting.fi\/en\/wp-json\/wp\/v2\/pages"}],"about":[{"href":"http:\/\/visitoulufi-2025-10-14_10_27_17.test.cchosting.fi\/en\/wp-json\/wp\/v2\/types\/page"}],"author":[{"embeddable":true,"href":"http:\/\/visitoulufi-2025-10-14_10_27_17.test.cchosting.fi\/en\/wp-json\/wp\/v2\/users\/1"}],"replies":[{"embeddable":true,"href":"http:\/\/visitoulufi-2025-10-14_10_27_17.test.cchosting.fi\/en\/wp-json\/wp\/v2\/comments?post=168"}],"version-history":[{"count":57,"href":"http:\/\/visitoulufi-2025-10-14_10_27_17.test.cchosting.fi\/en\/wp-json\/wp\/v2\/pages\/168\/revisions"}],"predecessor-version":[{"id":12547,"href":"http:\/\/visitoulufi-2025-10-14_10_27_17.test.cchosting.fi\/en\/wp-json\/wp\/v2\/pages\/168\/revisions\/12547"}],"wp:featuredmedia":[{"embeddable":true,"href":"http:\/\/visitoulufi-2025-10-14_10_27_17.test.cchosting.fi\/en\/wp-json\/wp\/v2\/media\/12298"}],"wp:attachment":[{"href":"http:\/\/visitoulufi-2025-10-14_10_27_17.test.cchosting.fi\/en\/wp-json\/wp\/v2\/media?parent=168"}],"wp:term":[{"taxonomy":"author","embeddable":true,"href":"http:\/\/visitoulufi-2025-10-14_10_27_17.test.cchosting.fi\/en\/wp-json\/wp\/v2\/coauthors?post=168"}],"curies":[{"name":"wp","href":"https:\/\/api.w.org\/{rel}","templated":true}]}}